{"id":1741,"date":"2024-07-05T18:24:58","date_gmt":"2024-07-05T16:24:58","guid":{"rendered":"https:\/\/sofimar21.es\/property-search-form-in-madrid\/"},"modified":"2024-07-25T21:22:47","modified_gmt":"2024-07-25T19:22:47","slug":"formulaire-de-recherche-de-propriete-a-madrid","status":"publish","type":"page","link":"https:\/\/sofimar21.es\/fr\/formulaire-de-recherche-de-propriete-a-madrid\/","title":{"rendered":"Formulaire de recherche de propri\u00e9t\u00e9 \u00e0 Madrid"},"content":{"rendered":"<div class=\"bloque bloque--cabecera siguiente--formulario bloque--con-fondo\" style=\"--fondo:#eddaa3\" id=\"\">\n<div class=\"cabecera__superior\">\n<h1 class=\"cabecera__titulo animado\">Nous trouverons votre maison \u00e0 Madrid. Allons-y<\/h1>\n<div class=\"cabecera__texto animado\">\n<p>L&#8217;achat ou la location d&#8217;une propri\u00e9t\u00e9 sont des moments importants dans notre vie. Aidez-nous \u00e0 savoir ce que vous recherchez \u00e0 travers ces questions simples. Merci!<\/p>\n<p>N&#8217;h\u00e9sitez pas de laisser des commentaires en fin de formulaire.<\/p>\n<\/div>\n<div class=\"cabecera__imagen\"><picture><source srcset=\"https:\/\/sofimar21.es\/wp-content\/uploads\/2024\/07\/sofimar-formulario-buscamos-tu-piso.jpg.webp 506w, https:\/\/sofimar21.es\/wp-content\/uploads\/2024\/07\/sofimar-formulario-buscamos-tu-piso-169x300.jpg.webp 169w\" type=\"image\/webp\" sizes=\"(max-width: 506px) 100vw, 506px\"><img width=\"506\" height=\"900\" src=\"https:\/\/sofimar21.es\/wp-content\/uploads\/2024\/07\/sofimar-formulario-buscamos-tu-piso.jpg\" class=\"attachment-large size-large\" alt=\"Buscamos tu vivienda en Sofimar personal shopper inmobiliario\" decoding=\"async\" loading=\"lazy\" srcset=\"https:\/\/sofimar21.es\/wp-content\/uploads\/2024\/07\/sofimar-formulario-buscamos-tu-piso.jpg 506w, https:\/\/sofimar21.es\/wp-content\/uploads\/2024\/07\/sofimar-formulario-buscamos-tu-piso-169x300.jpg 169w\" sizes=\"auto, (max-width: 506px) 100vw, 506px\" \/><\/picture><\/div>\n<\/div>\n<\/div>\n<div class=\"bloque bloque--formulario anterior--cabecera bloque--mismo-fondo-anterior\" style=\"--fondo-anterior:#eddaa3\" id=\"\">\n<form data-nombre=\"vamos-a-encontrar-casa\" class=\"formulario\"\n          id=\"formulario-vamos-a-encontrar-casa\" method=\"post\"><\/p>\n<p>            <input type=\"hidden\" name=\"formulario\" value=\"vamos-a-encontrar-casa\"><br \/>\n            <input aria-label=\"No me rellenes si me ves\"\n                   class=\"pueseso\" type=\"text\" name=\"vamos-a-encontrar-casa[vamos-a-encontrar-casa]\"\n                   placeholder=\"No me rellenes si me ves\"><\/p>\n<div class=\"formulario__formulario__wrapper\">\n<div style=\"--ancho:12\" class=\"campo campo--mensaje\" data-nombre=\"que-buscas\" data-visibilidad=\"[]\">\n<h2>Crit\u00e8res de recherche pour le bien immobilier<\/h2>\n<\/p><\/div>\n<div style=\"--ancho:12\" class=\"campo campo--radio\" data-nombre=\"que-buscas\" data-visibilidad=\"[]\"><span class=\"label\">Crit\u00e8res pour commencer, que cherchez-vous?&nbsp;<span>*<\/span><\/span><span class=\"radios\"><br \/>\n        <span class=\"radio\"><br \/>\n        <input type=\"radio\" name=\"vamos-a-encontrar-casa[que-buscas]\"\n               id=\"vamos-a-encontrar-casa-que-buscas-acheter-une-propriete\"required               value=\"Acheter une propri\u00e9t\u00e9\"><br \/>\n        <label for=\"vamos-a-encontrar-casa-que-buscas-acheter-une-propriete\"><br \/>\n\t\t\tAcheter une propri\u00e9t\u00e9        <\/label><br \/>\n        <\/span><\/p>\n<p>        <span class=\"radio\"><br \/>\n        <input type=\"radio\" name=\"vamos-a-encontrar-casa[que-buscas]\"\n               id=\"vamos-a-encontrar-casa-que-buscas-louer-un-logement\"required               value=\"Louer un logement\"><br \/>\n        <label for=\"vamos-a-encontrar-casa-que-buscas-louer-un-logement\"><br \/>\n\t\t\tLouer un logement        <\/label><br \/>\n        <\/span><br \/>\n\t\t<\/span>            <\/div>\n<div style=\"--ancho:12\" class=\"campo campo--text\" data-nombre=\"distrito\" data-visibilidad=\"[]\">            <label for=\"vamos-a-encontrar-casa-distrito\"><br \/>\n                <span>District de Madrid <\/span><br \/>\n            <\/label><br \/>\n\t\t\t        <input type=\"text\"\n               id=\"vamos-a-encontrar-casa-distrito\"\n               name=\"vamos-a-encontrar-casa[distrito]\"\n               placeholder=\"Centro, Chamber\u00ed, Retiro\u2026\"\n               value=\"\"\n\t\t               data-required=\"false\">            <\/div>\n<div style=\"--ancho:12\" class=\"campo campo--radio\" data-nombre=\"barrio\" data-visibilidad=\"[]\"><span class=\"label\">Quartier de Madrid&nbsp;<span>*<\/span><\/span><span class=\"radios\"><br \/>\n        <span class=\"radio\"><br \/>\n        <input type=\"radio\" name=\"vamos-a-encontrar-casa[barrio]\"\n               id=\"vamos-a-encontrar-casa-barrio-cest-indifferent\"required               value=\"C'est indiff\u00e9rent\"><br \/>\n        <label for=\"vamos-a-encontrar-casa-barrio-cest-indifferent\"><br \/>\n\t\t\tC&rsquo;est indiff\u00e9rent        <\/label><br \/>\n        <\/span><\/p>\n<p>        <span class=\"radio\"><br \/>\n        <input type=\"radio\" name=\"vamos-a-encontrar-casa[barrio]\"\n               id=\"vamos-a-encontrar-casa-barrio-je-ne-connais-pas-et-jai-besoin-de-conseils\"required               value=\"Je ne connais pas et j'ai besoin de conseils\"><br \/>\n        <label for=\"vamos-a-encontrar-casa-barrio-je-ne-connais-pas-et-jai-besoin-de-conseils\"><br \/>\n\t\t\tJe ne connais pas et j&rsquo;ai besoin de conseils        <\/label><br \/>\n        <\/span><\/p>\n<p>        <span class=\"radio\"><br \/>\n        <input type=\"radio\" name=\"vamos-a-encontrar-casa[barrio]\"\n               id=\"vamos-a-encontrar-casa-barrio-autre\"required               value=\"Autre\"><br \/>\n        <label for=\"vamos-a-encontrar-casa-barrio-autre\"><br \/>\n\t\t\tAutre        <\/label><br \/>\n        <\/span><br \/>\n\t\t<\/span>            <\/div>\n<div style=\"--ancho:12\" class=\"campo campo--text\" data-nombre=\"barrios\" data-visibilidad=\"{&quot;barrio&quot;:&quot;Otro&quot;}\">            <label for=\"vamos-a-encontrar-casa-barrios\"><br \/>\n                <span>Indiquez la\/les zone\/s de pref\u00e9rance&nbsp;<span>*<\/span> <\/span><br \/>\n            <\/label><br \/>\n\t\t\t        <input type=\"text\"\n               id=\"vamos-a-encontrar-casa-barrios\"\n               name=\"vamos-a-encontrar-casa[barrios]\"\n               placeholder=\"Parque El Retiro, Plaza Col\u00f3n, etc\"\n               value=\"\"\n\t\trequired               data-required=\"false\">            <\/div>\n<div style=\"--ancho:12\" class=\"campo campo--radio\" data-nombre=\"tipo\" data-visibilidad=\"[]\"><span class=\"label\">Type de logement&nbsp;<span>*<\/span><\/span><span class=\"radios\"><br \/>\n        <span class=\"radio\"><br \/>\n        <input type=\"radio\" name=\"vamos-a-encontrar-casa[tipo]\"\n               id=\"vamos-a-encontrar-casa-tipo-appartement\"required               value=\"Appartement\"><br \/>\n        <label for=\"vamos-a-encontrar-casa-tipo-appartement\"><br \/>\n\t\t\tAppartement        <\/label><br \/>\n        <\/span><\/p>\n<p>        <span class=\"radio\"><br \/>\n        <input type=\"radio\" name=\"vamos-a-encontrar-casa[tipo]\"\n               id=\"vamos-a-encontrar-casa-tipo-penthouse\"required               value=\"Penthouse\"><br \/>\n        <label for=\"vamos-a-encontrar-casa-tipo-penthouse\"><br \/>\n\t\t\tPenthouse        <\/label><br \/>\n        <\/span><\/p>\n<p>        <span class=\"radio\"><br \/>\n        <input type=\"radio\" name=\"vamos-a-encontrar-casa[tipo]\"\n               id=\"vamos-a-encontrar-casa-tipo-maison\"required               value=\"Maison\"><br \/>\n        <label for=\"vamos-a-encontrar-casa-tipo-maison\"><br \/>\n\t\t\tMaison        <\/label><br \/>\n        <\/span><\/p>\n<p>        <span class=\"radio\"><br \/>\n        <input type=\"radio\" name=\"vamos-a-encontrar-casa[tipo]\"\n               id=\"vamos-a-encontrar-casa-tipo-local-commercial\"required               value=\"Local commercial\"><br \/>\n        <label for=\"vamos-a-encontrar-casa-tipo-local-commercial\"><br \/>\n\t\t\tLocal commercial        <\/label><br \/>\n        <\/span><\/p>\n<p>        <span class=\"radio\"><br \/>\n        <input type=\"radio\" name=\"vamos-a-encontrar-casa[tipo]\"\n               id=\"vamos-a-encontrar-casa-tipo-autre\"required               value=\"Autre\"><br \/>\n        <label for=\"vamos-a-encontrar-casa-tipo-autre\"><br \/>\n\t\t\tAutre        <\/label><br \/>\n        <\/span><br \/>\n\t\t<\/span>            <\/div>\n<div style=\"--ancho:12\" class=\"campo campo--text\" data-nombre=\"tipo-de-inmueble\" data-visibilidad=\"{&quot;tipo&quot;:&quot;Otro&quot;}\">            <label for=\"vamos-a-encontrar-casa-Tipo de inmueble\"><br \/>\n                <span>Indiquez le type de propri\u00e9t\u00e9&nbsp;<span>*<\/span> <\/span><br \/>\n            <\/label><br \/>\n\t\t\t        <input type=\"text\"\n               id=\"vamos-a-encontrar-casa-Tipo de inmueble\"\n               name=\"vamos-a-encontrar-casa[Tipo de inmueble]\"\n               placeholder=\"\"\n               value=\"\"\n\t\trequired               data-required=\"false\">            <\/div>\n<div style=\"--ancho:12\" class=\"campo campo--radio\" data-nombre=\"estado-vivienda\" data-visibilidad=\"[]\"><span class=\"label\">\u00c9tat du logement<\/span><span class=\"radios\"><br \/>\n        <span class=\"radio\"><br \/>\n        <input type=\"radio\" name=\"vamos-a-encontrar-casa[estado-vivienda]\"\n               id=\"vamos-a-encontrar-casa-estado-vivienda-je-prefere-renove\"               value=\"Je pr\u00e9f\u00e8re r\u00e9nov\u00e9\"><br \/>\n        <label for=\"vamos-a-encontrar-casa-estado-vivienda-je-prefere-renove\"><br \/>\n\t\t\tJe pr\u00e9f\u00e8re r\u00e9nov\u00e9        <\/label><br \/>\n        <\/span><\/p>\n<p>        <span class=\"radio\"><br \/>\n        <input type=\"radio\" name=\"vamos-a-encontrar-casa[estado-vivienda]\"\n               id=\"vamos-a-encontrar-casa-estado-vivienda-je-prefere-meuble\"               value=\"Je pr\u00e9f\u00e8re meubl\u00e9\"><br \/>\n        <label for=\"vamos-a-encontrar-casa-estado-vivienda-je-prefere-meuble\"><br \/>\n\t\t\tJe pr\u00e9f\u00e8re meubl\u00e9        <\/label><br \/>\n        <\/span><\/p>\n<p>        <span class=\"radio\"><br \/>\n        <input type=\"radio\" name=\"vamos-a-encontrar-casa[estado-vivienda]\"\n               id=\"vamos-a-encontrar-casa-estado-vivienda-je-prefere-vide\"               value=\"Je pr\u00e9f\u00e8re vide\"><br \/>\n        <label for=\"vamos-a-encontrar-casa-estado-vivienda-je-prefere-vide\"><br \/>\n\t\t\tJe pr\u00e9f\u00e8re vide        <\/label><br \/>\n        <\/span><br \/>\n\t\t<\/span>            <\/div>\n<div style=\"--ancho:12\" class=\"campo campo--radio\" data-nombre=\"metros-cuadrados\" data-visibilidad=\"[]\"><span class=\"label\">M\u00e8tres carr\u00e9s&nbsp;<span>*<\/span><\/span><span class=\"radios\"><br \/>\n        <span class=\"radio\"><br \/>\n        <input type=\"radio\" name=\"vamos-a-encontrar-casa[metros-cuadrados]\"\n               id=\"vamos-a-encontrar-casa-metros-cuadrados-moins-de-60-m2\"required               value=\"Moins de 60 m2\"><br \/>\n        <label for=\"vamos-a-encontrar-casa-metros-cuadrados-moins-de-60-m2\"><br \/>\n\t\t\tMoins de 60 m2        <\/label><br \/>\n        <\/span><\/p>\n<p>        <span class=\"radio\"><br \/>\n        <input type=\"radio\" name=\"vamos-a-encontrar-casa[metros-cuadrados]\"\n               id=\"vamos-a-encontrar-casa-metros-cuadrados-de-61-a-120-m2\"required               value=\"De 61 \u00e0 120 m2\"><br \/>\n        <label for=\"vamos-a-encontrar-casa-metros-cuadrados-de-61-a-120-m2\"><br \/>\n\t\t\tDe 61 \u00e0 120 m2        <\/label><br \/>\n        <\/span><\/p>\n<p>        <span class=\"radio\"><br \/>\n        <input type=\"radio\" name=\"vamos-a-encontrar-casa[metros-cuadrados]\"\n               id=\"vamos-a-encontrar-casa-metros-cuadrados-plus-de-121-m2\"required               value=\"Plus de 121 m2\"><br \/>\n        <label for=\"vamos-a-encontrar-casa-metros-cuadrados-plus-de-121-m2\"><br \/>\n\t\t\tPlus de 121 m2        <\/label><br \/>\n        <\/span><br \/>\n\t\t<\/span>            <\/div>\n<div style=\"--ancho:12\" class=\"campo campo--checkboxes\" data-nombre=\"habitaciones\" data-visibilidad=\"[]\"><span class=\"label\">Nombre de chambres&nbsp;<span>*<\/span><\/span><span class=\"checkboxes\"><br \/>\n        <span class=\"checkbox\"><br \/>\n        <input type=\"checkbox\" name=\"vamos-a-encontrar-casa[habitaciones]\"\n               id=\"vamos-a-encontrar-casa-habitaciones-1\"required               value=\"1\"><br \/>\n        <label for=\"vamos-a-encontrar-casa-habitaciones-1\"><br \/>\n\t\t\t1        <\/label><br \/>\n        <\/span><\/p>\n<p>        <span class=\"checkbox\"><br \/>\n        <input type=\"checkbox\" name=\"vamos-a-encontrar-casa[habitaciones]\"\n               id=\"vamos-a-encontrar-casa-habitaciones-2\"required               value=\"2\"><br \/>\n        <label for=\"vamos-a-encontrar-casa-habitaciones-2\"><br \/>\n\t\t\t2        <\/label><br \/>\n        <\/span><\/p>\n<p>        <span class=\"checkbox\"><br \/>\n        <input type=\"checkbox\" name=\"vamos-a-encontrar-casa[habitaciones]\"\n               id=\"vamos-a-encontrar-casa-habitaciones-3\"required               value=\"3\"><br \/>\n        <label for=\"vamos-a-encontrar-casa-habitaciones-3\"><br \/>\n\t\t\t3        <\/label><br \/>\n        <\/span><\/p>\n<p>        <span class=\"checkbox\"><br \/>\n        <input type=\"checkbox\" name=\"vamos-a-encontrar-casa[habitaciones]\"\n               id=\"vamos-a-encontrar-casa-habitaciones-plus-de-3\"required               value=\"Plus de 3\"><br \/>\n        <label for=\"vamos-a-encontrar-casa-habitaciones-plus-de-3\"><br \/>\n\t\t\tPlus de 3        <\/label><br \/>\n        <\/span><br \/>\n\t\t<\/span>            <\/div>\n<div style=\"--ancho:12\" class=\"campo campo--radio\" data-nombre=\"banos\" data-visibilidad=\"[]\"><span class=\"label\">Nombre de salles de bains&nbsp;<span>*<\/span><\/span><span class=\"radios\"><br \/>\n        <span class=\"radio\"><br \/>\n        <input type=\"radio\" name=\"vamos-a-encontrar-casa[ba\u00f1os]\"\n               id=\"vamos-a-encontrar-casa-ba\u00f1os-1\"required               value=\"1\"><br \/>\n        <label for=\"vamos-a-encontrar-casa-ba\u00f1os-1\"><br \/>\n\t\t\t1        <\/label><br \/>\n        <\/span><\/p>\n<p>        <span class=\"radio\"><br \/>\n        <input type=\"radio\" name=\"vamos-a-encontrar-casa[ba\u00f1os]\"\n               id=\"vamos-a-encontrar-casa-ba\u00f1os-2\"required               value=\"2\"><br \/>\n        <label for=\"vamos-a-encontrar-casa-ba\u00f1os-2\"><br \/>\n\t\t\t2        <\/label><br \/>\n        <\/span><\/p>\n<p>        <span class=\"radio\"><br \/>\n        <input type=\"radio\" name=\"vamos-a-encontrar-casa[ba\u00f1os]\"\n               id=\"vamos-a-encontrar-casa-ba\u00f1os-3\"required               value=\"3\"><br \/>\n        <label for=\"vamos-a-encontrar-casa-ba\u00f1os-3\"><br \/>\n\t\t\t3        <\/label><br \/>\n        <\/span><\/p>\n<p>        <span class=\"radio\"><br \/>\n        <input type=\"radio\" name=\"vamos-a-encontrar-casa[ba\u00f1os]\"\n               id=\"vamos-a-encontrar-casa-ba\u00f1os-plus-de-3\"required               value=\"Plus de 3\"><br \/>\n        <label for=\"vamos-a-encontrar-casa-ba\u00f1os-plus-de-3\"><br \/>\n\t\t\tPlus de 3        <\/label><br \/>\n        <\/span><br \/>\n\t\t<\/span>            <\/div>\n<div style=\"--ancho:12\" class=\"campo campo--checkboxes\" data-nombre=\"especiales\" data-visibilidad=\"[]\"><span class=\"label\">Caract\u00e9ristiques sp\u00e9ciales&nbsp;<span>*<\/span><\/span><span class=\"checkboxes\"><br \/>\n        <span class=\"checkbox\"><br \/>\n        <input type=\"checkbox\" name=\"vamos-a-encontrar-casa[especiales]\"\n               id=\"vamos-a-encontrar-casa-especiales-terrasse\"required               value=\"Terrasse\"><br \/>\n        <label for=\"vamos-a-encontrar-casa-especiales-terrasse\"><br \/>\n\t\t\tTerrasse        <\/label><br \/>\n        <\/span><\/p>\n<p>        <span class=\"checkbox\"><br \/>\n        <input type=\"checkbox\" name=\"vamos-a-encontrar-casa[especiales]\"\n               id=\"vamos-a-encontrar-casa-especiales-espace-jardin\"required               value=\"Espace jardin\"><br \/>\n        <label for=\"vamos-a-encontrar-casa-especiales-espace-jardin\"><br \/>\n\t\t\tEspace jardin        <\/label><br \/>\n        <\/span><\/p>\n<p>        <span class=\"checkbox\"><br \/>\n        <input type=\"checkbox\" name=\"vamos-a-encontrar-casa[especiales]\"\n               id=\"vamos-a-encontrar-casa-especiales-piscine\"required               value=\"Piscine\"><br \/>\n        <label for=\"vamos-a-encontrar-casa-especiales-piscine\"><br \/>\n\t\t\tPiscine        <\/label><br \/>\n        <\/span><\/p>\n<p>        <span class=\"checkbox\"><br \/>\n        <input type=\"checkbox\" name=\"vamos-a-encontrar-casa[especiales]\"\n               id=\"vamos-a-encontrar-casa-especiales-debarras\"required               value=\"D\u00e9barras\"><br \/>\n        <label for=\"vamos-a-encontrar-casa-especiales-debarras\"><br \/>\n\t\t\tD\u00e9barras        <\/label><br \/>\n        <\/span><\/p>\n<p>        <span class=\"checkbox\"><br \/>\n        <input type=\"checkbox\" name=\"vamos-a-encontrar-casa[especiales]\"\n               id=\"vamos-a-encontrar-casa-especiales-parking\"required               value=\"Parking\"><br \/>\n        <label for=\"vamos-a-encontrar-casa-especiales-parking\"><br \/>\n\t\t\tParking        <\/label><br \/>\n        <\/span><\/p>\n<p>        <span class=\"checkbox\"><br \/>\n        <input type=\"checkbox\" name=\"vamos-a-encontrar-casa[especiales]\"\n               id=\"vamos-a-encontrar-casa-especiales-ascenseur\"required               value=\"Ascenseur\"><br \/>\n        <label for=\"vamos-a-encontrar-casa-especiales-ascenseur\"><br \/>\n\t\t\tAscenseur        <\/label><br \/>\n        <\/span><\/p>\n<p>        <span class=\"checkbox\"><br \/>\n        <input type=\"checkbox\" name=\"vamos-a-encontrar-casa[especiales]\"\n               id=\"vamos-a-encontrar-casa-especiales-autres\"required               value=\"Autres\"><br \/>\n        <label for=\"vamos-a-encontrar-casa-especiales-autres\"><br \/>\n\t\t\tAutres        <\/label><br \/>\n        <\/span><br \/>\n\t\t<\/span>            <\/div>\n<div style=\"--ancho:12\" class=\"campo campo--text\" data-nombre=\"especiales\" data-visibilidad=\"{&quot;especiales&quot;:&quot;Otras&quot;}\">            <label for=\"vamos-a-encontrar-casa-especiales\"><br \/>\n                <span>Autres caract\u00e9ristiques&nbsp;<span>*<\/span> <\/span><br \/>\n            <\/label><br \/>\n\t\t\t        <input type=\"text\"\n               id=\"vamos-a-encontrar-casa-especiales\"\n               name=\"vamos-a-encontrar-casa[especiales]\"\n               placeholder=\"\"\n               value=\"\"\n\t\trequired               data-required=\"false\">            <\/div>\n<div style=\"--ancho:12\" class=\"campo campo--text\" data-nombre=\"presupuesto\" data-visibilidad=\"[]\">            <label for=\"vamos-a-encontrar-casa-Presupuesto\"><br \/>\n                <span>Budget estim\u00e9&nbsp;<span>*<\/span> <\/span><br \/>\n            <\/label><br \/>\n\t\t\t        <input type=\"text\"\n               id=\"vamos-a-encontrar-casa-Presupuesto\"\n               name=\"vamos-a-encontrar-casa[Presupuesto]\"\n               placeholder=\"800.000 \u20ac\"\n               value=\"\"\n\t\trequired               data-required=\"false\">            <\/div>\n<div style=\"--ancho:12\" class=\"campo campo--text\" data-nombre=\"comentarios\" data-visibilidad=\"[]\">            <label for=\"vamos-a-encontrar-casa-Comentarios\"><br \/>\n                <span>Commentaires <\/span><br \/>\n            <\/label><br \/>\n\t\t\t        <input type=\"text\"\n               id=\"vamos-a-encontrar-casa-Comentarios\"\n               name=\"vamos-a-encontrar-casa[Comentarios]\"\n               placeholder=\"\"\n               value=\"\"\n\t\t               data-required=\"false\">            <\/div>\n<div style=\"--ancho:12\" class=\"campo campo--mensaje\" data-nombre=\"telefono\" data-visibilidad=\"[]\">\n<h2>Informations du propri\u00e9taire<\/h2>\n<\/p><\/div>\n<div style=\"--ancho:12\" class=\"campo campo--text\" data-nombre=\"nombre\" data-visibilidad=\"[]\">            <label for=\"vamos-a-encontrar-casa-Nombre\"><br \/>\n                <span>Nom et pr\u00e9nom&nbsp;<span>*<\/span> <\/span><br \/>\n            <\/label><br \/>\n\t\t\t        <input type=\"text\"\n               id=\"vamos-a-encontrar-casa-Nombre\"\n               name=\"vamos-a-encontrar-casa[Nombre]\"\n               placeholder=\"Mercedes Mart\u00edn\"\n               value=\"\"\n\t\trequired               data-required=\"false\">            <\/div>\n<div style=\"--ancho:12\" class=\"campo campo--text\" data-nombre=\"telefono\" data-visibilidad=\"[]\">            <label for=\"vamos-a-encontrar-casa-Telefono\"><br \/>\n                <span>Mobile&nbsp;<span>*<\/span> <\/span><br \/>\n            <\/label><br \/>\n\t\t\t        <input type=\"text\"\n               id=\"vamos-a-encontrar-casa-Telefono\"\n               name=\"vamos-a-encontrar-casa[Telefono]\"\n               placeholder=\"678 876 678\"\n               value=\"\"\n\t\trequired               data-required=\"false\">            <\/div>\n<div style=\"--ancho:12\" class=\"campo campo--text\" data-nombre=\"email\" data-visibilidad=\"[]\">            <label for=\"vamos-a-encontrar-casa-Email\"><br \/>\n                <span>Email <\/span><br \/>\n            <\/label><br \/>\n\t\t\t        <input type=\"text\"\n               id=\"vamos-a-encontrar-casa-Email\"\n               name=\"vamos-a-encontrar-casa[Email]\"\n               placeholder=\"ejemplo@sofimar21.es\"\n               value=\"\"\n\t\t               data-required=\"false\">            <\/div>\n<div style=\"--ancho:12\" class=\"campo campo--radio\" data-nombre=\"contacto\" data-visibilidad=\"[]\"><span class=\"label\">Mode de contact pr\u00e9f\u00e9r\u00e9&nbsp;<span>*<\/span><\/span><span class=\"radios\"><br \/>\n        <span class=\"radio\"><br \/>\n        <input type=\"radio\" name=\"vamos-a-encontrar-casa[Contacto]\"\n               id=\"vamos-a-encontrar-casa-Contacto-mobile\"required               value=\"Mobile\"><br \/>\n        <label for=\"vamos-a-encontrar-casa-Contacto-mobile\"><br \/>\n\t\t\tMobile        <\/label><br \/>\n        <\/span><\/p>\n<p>        <span class=\"radio\"><br \/>\n        <input type=\"radio\" name=\"vamos-a-encontrar-casa[Contacto]\"\n               id=\"vamos-a-encontrar-casa-Contacto-email\"required               value=\"Email\"><br \/>\n        <label for=\"vamos-a-encontrar-casa-Contacto-email\"><br \/>\n\t\t\tEmail        <\/label><br \/>\n        <\/span><br \/>\n\t\t<\/span>            <\/div>\n<div style=\"--ancho:6\" class=\"campo campo--checkbox\" data-nombre=\"acepto\" data-visibilidad=\"[]\">\t\t<input type=\"checkbox\"\n\t\t       id=\"vamos-a-encontrar-casa-acepto\"\n\t\t       name=\"vamos-a-encontrar-casa[acepto]\"\n\t\t       value=\"S\u00ed\"\n\t\t\t\trequired>            <label for=\"vamos-a-encontrar-casa-acepto\"><br \/>\n                <span>J&rsquo;ai lu et accept\u00e9 la <a href=\"\/fr\/politique-de-confidentialite\/\" target=\"_blank\">politique de confidentialit\u00e9<\/a> et les <a href=\"\/fr\/mentions-legales\/\" target=\"_blank\">mentions l\u00e9gales<\/a>&nbsp;<span>*<\/span> <\/span><br \/>\n            <\/label>\n\t\t\t            <\/div>\n<div style=\"--ancho:6\" class=\"campo campo--submit\" data-nombre=\"\" data-visibilidad=\"[]\">\t\t<span class=\"h-captcha\" data-sitekey=\"084ea57f-9ff6-45c1-a95d-61b24fd9ecdd\"><\/span><br \/>\n\t\t<button type=\"submit\" class=\"principal\">Envoyer\t\t<\/button>            <\/div>\n<\/p><\/div>\n<\/p><\/form>\n<\/p><\/div>\n","protected":false},"excerpt":{"rendered":"<p>Nous trouverons votre maison \u00e0 Madrid. Allons-y L&#8217;achat ou la location d&#8217;une propri\u00e9t\u00e9 sont des moments importants dans notre vie. Aidez-nous \u00e0 savoir ce que vous recherchez \u00e0 travers ces questions simples. Merci! N&#8217;h\u00e9sitez pas de laisser des commentaires en fin de formulaire. Crit\u00e8res de recherche pour le bien immobilier Crit\u00e8res pour commencer, que cherchez-vous?&nbsp;* [&hellip;]<\/p>\n","protected":false},"author":2,"featured_media":1933,"parent":0,"menu_order":0,"comment_status":"closed","ping_status":"closed","template":"bloques.php","meta":{"_acf_changed":false,"footnotes":""},"class_list":["post-1741","page","type-page","status-publish","has-post-thumbnail","hentry"],"acf":[],"_links":{"self":[{"href":"https:\/\/sofimar21.es\/fr\/wp-json\/wp\/v2\/pages\/1741","targetHints":{"allow":["GET"]}}],"collection":[{"href":"https:\/\/sofimar21.es\/fr\/wp-json\/wp\/v2\/pages"}],"about":[{"href":"https:\/\/sofimar21.es\/fr\/wp-json\/wp\/v2\/types\/page"}],"author":[{"embeddable":true,"href":"https:\/\/sofimar21.es\/fr\/wp-json\/wp\/v2\/users\/2"}],"replies":[{"embeddable":true,"href":"https:\/\/sofimar21.es\/fr\/wp-json\/wp\/v2\/comments?post=1741"}],"version-history":[{"count":5,"href":"https:\/\/sofimar21.es\/fr\/wp-json\/wp\/v2\/pages\/1741\/revisions"}],"predecessor-version":[{"id":1980,"href":"https:\/\/sofimar21.es\/fr\/wp-json\/wp\/v2\/pages\/1741\/revisions\/1980"}],"wp:featuredmedia":[{"embeddable":true,"href":"https:\/\/sofimar21.es\/fr\/wp-json\/wp\/v2\/media\/1933"}],"wp:attachment":[{"href":"https:\/\/sofimar21.es\/fr\/wp-json\/wp\/v2\/media?parent=1741"}],"curies":[{"name":"wp","href":"https:\/\/api.w.org\/{rel}","templated":true}]}}