{"id":1711,"date":"2024-07-01T18:15:16","date_gmt":"2024-07-01T16:15:16","guid":{"rendered":"https:\/\/sofimar21.es\/?page_id=1711"},"modified":"2024-07-25T21:21:11","modified_gmt":"2024-07-25T19:21:11","slug":"mentions-legales","status":"publish","type":"page","link":"https:\/\/sofimar21.es\/fr\/mentions-legales\/","title":{"rendered":"Mentions L\u00e9gales"},"content":{"rendered":"<h2>Informations sur l&rsquo;entreprise<\/h2>\n<p>Conform\u00e9ment \u00e0 l&rsquo;article 10 de la loi 34\/2002 du 11 juillet, sur les services de la soci\u00e9t\u00e9 de l&rsquo;information et le commerce \u00e9lectronique, <strong>SOFIMAR SIGLO XXI, S.L.<\/strong> vous informe qu&rsquo;elle est inscrite au registre du commerce de MADRID, avec les donn\u00e9es d&rsquo;identification suivantes :<\/p>\n<ul>\n<li>D\u00e9nomination sociale : SOFIMAR SIGLO XXI, S.L.<\/li>\n<li>C.I.F : B83913202<\/li>\n<li>Adresse du si\u00e8ge social : C\/ Thomas Edison n\u00ba4, bloc 1, bureau 1308 \u2013 P. E. Rivas Futura, 28521 \u2013 Rivas Vaciamadrid, Madrid<\/li>\n<li>T\u00e9l\u00e9phone : 91 670 4155 \/ (+34) 696 477 602<\/li>\n<li>Email pour les communications : <a href=\"mailto:info@sofimar21.es\">info@sofimar21.es<\/a><\/li>\n<li>Toutes les notifications et communications entre les utilisateurs et <strong>SOFIMAR SIGLO XXI, S.L.<\/strong> seront consid\u00e9r\u00e9es comme efficaces \u00e0 toutes fins lorsqu&rsquo;elles sont effectu\u00e9es par courrier postal ou tout autre moyen d\u00e9taill\u00e9 ci-dessus.<\/li>\n<\/ul>\n<h2>Conditions d&rsquo;acc\u00e8s et d&rsquo;utilisation<\/h2>\n<p>Le pr\u00e9sent avis l\u00e9gal r\u00e9gule l&rsquo;utilisation du site web <a href=\"https:\/\/sofimar21.es\/fr\/\">www.sofimar21.es<\/a> (ci-apr\u00e8s, LE SITE), dont <strong>SOFIMAR SIGLO XXI, S.L.<\/strong> est propri\u00e9taire.<\/p>\n<p>La navigation sur le site web de <strong>SOFIMAR SIGLO XXI, S.L.<\/strong> conf\u00e8re la condition d&rsquo;utilisateur et implique l&rsquo;acceptation pleine et sans r\u00e9serve de toutes les dispositions incluses dans cet Avis L\u00e9gal, qui peuvent subir des modifications.<\/p>\n<p>Le site web et ses services sont librement accessibles, cependant, <strong>SOFIMAR SIGLO XXI, S.L.<\/strong> conditionne l&rsquo;utilisation de certains services offerts sur son site web \u00e0 la compl\u00e9tion pr\u00e9alable du formulaire correspondant.<\/p>\n<p>Tous les contenus du site web, tels que textes, photographies, graphiques, images, ic\u00f4nes, technologie, logiciels, ainsi que son design et ses codes sources, constituent une \u0153uvre dont la propri\u00e9t\u00e9 appartient \u00e0 <strong>SOFIMAR SIGLO XXI, S.L.,<\/strong> sans qu&rsquo;aucun droit d&rsquo;exploitation ne soit transf\u00e9r\u00e9 \u00e0 l&rsquo;utilisateur au-del\u00e0 de ce qui est strictement n\u00e9cessaire pour l&rsquo;utilisation correcte du site web.<\/p>\n<p>L&rsquo;utilisateur garantit l&rsquo;authenticit\u00e9 et l&rsquo;actualit\u00e9 de toutes les donn\u00e9es communiqu\u00e9es \u00e0 <strong>SOFIMAR SIGLO XXI, S.L.<\/strong> et sera seul responsable des d\u00e9clarations fausses ou inexactes qu&rsquo;il pourrait faire.<\/p>\n<p>L&rsquo;utilisateur s&rsquo;engage \u00e0 faire un usage correct du site web conform\u00e9ment aux lois, \u00e0 la bonne foi, \u00e0 l&rsquo;ordre public, aux usages du trafic et au pr\u00e9sent Avis L\u00e9gal. L&rsquo;utilisateur sera responsable envers <strong>SOFIMAR SIGLO XXI, S.L.<\/strong> ou des tiers, de tout dommage et pr\u00e9judice qui pourrait \u00eatre caus\u00e9 \u00e0 la suite du non-respect de cette obligation.<\/p>\n<p>POLITIQUE DE LIENS ET EXON\u00c9RATIONS DE RESPONSABILIT\u00c9<br \/>\nSOFIMAR SIGLO XXI, S.L. n&rsquo;est pas responsable du contenu des pages web auxquelles l&rsquo;utilisateur peut acc\u00e9der par les liens \u00e9tablis sur son site web et d\u00e9clare qu&rsquo;en aucun cas elle n&rsquo;examinera ou n&rsquo;exercera aucun type de contr\u00f4le sur le contenu d&rsquo;autres pages du r\u00e9seau. De m\u00eame, elle ne garantit pas la disponibilit\u00e9 technique, l&rsquo;exactitude, la v\u00e9racit\u00e9, la validit\u00e9 ou la l\u00e9galit\u00e9 des pages ext\u00e9rieures \u00e0 sa propri\u00e9t\u00e9 auxquelles on peut acc\u00e9der par les liens.<\/p>\n<p>SOFIMAR SIGLO XXI, S.L. d\u00e9clare avoir adopt\u00e9 toutes les mesures n\u00e9cessaires pour \u00e9viter tout dommage qui pourrait r\u00e9sulter de la navigation sur son site web. En cons\u00e9quence, SOFIMAR SIGLO XXI, S.L. n&rsquo;est en aucun cas responsable des \u00e9ventuels dommages que l&rsquo;utilisateur pourrait subir en naviguant sur Internet.<\/p>\n","protected":false},"excerpt":{"rendered":"<p>Informations sur l&rsquo;entreprise Conform\u00e9ment \u00e0 l&rsquo;article 10 de la loi 34\/2002 du 11 juillet, sur les services de la soci\u00e9t\u00e9 de l&rsquo;information et le commerce \u00e9lectronique, SOFIMAR SIGLO XXI, S.L. vous informe qu&rsquo;elle est inscrite au registre du commerce de MADRID, avec les donn\u00e9es d&rsquo;identification suivantes : D\u00e9nomination sociale : SOFIMAR SIGLO XXI, S.L. C.I.F [&hellip;]<\/p>\n","protected":false},"author":2,"featured_media":0,"parent":0,"menu_order":0,"comment_status":"closed","ping_status":"closed","template":"","meta":{"_acf_changed":false,"footnotes":""},"class_list":["post-1711","page","type-page","status-publish","hentry"],"acf":[],"_links":{"self":[{"href":"https:\/\/sofimar21.es\/fr\/wp-json\/wp\/v2\/pages\/1711","targetHints":{"allow":["GET"]}}],"collection":[{"href":"https:\/\/sofimar21.es\/fr\/wp-json\/wp\/v2\/pages"}],"about":[{"href":"https:\/\/sofimar21.es\/fr\/wp-json\/wp\/v2\/types\/page"}],"author":[{"embeddable":true,"href":"https:\/\/sofimar21.es\/fr\/wp-json\/wp\/v2\/users\/2"}],"replies":[{"embeddable":true,"href":"https:\/\/sofimar21.es\/fr\/wp-json\/wp\/v2\/comments?post=1711"}],"version-history":[{"count":7,"href":"https:\/\/sofimar21.es\/fr\/wp-json\/wp\/v2\/pages\/1711\/revisions"}],"predecessor-version":[{"id":1866,"href":"https:\/\/sofimar21.es\/fr\/wp-json\/wp\/v2\/pages\/1711\/revisions\/1866"}],"wp:attachment":[{"href":"https:\/\/sofimar21.es\/fr\/wp-json\/wp\/v2\/media?parent=1711"}],"curies":[{"name":"wp","href":"https:\/\/api.w.org\/{rel}","templated":true}]}}