{"id":1669,"date":"2024-06-26T18:01:10","date_gmt":"2024-06-26T16:01:10","guid":{"rendered":"https:\/\/sofimar21.es\/propiedades\/"},"modified":"2024-07-25T21:25:52","modified_gmt":"2024-07-25T19:25:52","slug":"proprietes","status":"publish","type":"page","link":"https:\/\/sofimar21.es\/fr\/proprietes\/","title":{"rendered":"Propri\u00e9t\u00e9s"},"content":{"rendered":"<div class=\"bloque bloque--newsletter bloque--con-fondo\" style=\"--fondo:#e5e0db\" id=\"\">\n<form data-nombre=\"newsletter\" class=\"formulario\"\n          id=\"formulario-newsletter\" method=\"post\"><\/p>\n<div class=\"formulario__mensaje\">\n<h2 class=\"newsletter__titulo animado\">Guides par quartiers de Madrid<\/h2>\n<div class=\"newsletter__descripcion animado\">\n<p>Nous \u00e9laborons des guides portant sur les quartiers \u00e0 Madrid dans lesquels nous incluons notre exp\u00e9rience en mati\u00e8re de boutiques, bars et nouveaux restaurants de chaque quartier. Nous nous \u00e9crivons tous les mois ou tous les deux mois, nous ne voulons pas remplir votre bo\u00eete mail.<\/p>\n<\/div>\n<\/div>\n<p>            <input type=\"hidden\" name=\"formulario\" value=\"newsletter\"><br \/>\n            <input aria-label=\"No me rellenes si me ves\"\n                   class=\"pueseso\" type=\"text\" name=\"newsletter[newsletter]\"\n                   placeholder=\"No me rellenes si me ves\"><\/p>\n<div class=\"formulario__formulario__wrapper\">\n<div style=\"--ancho:8\" class=\"campo campo--email\" data-nombre=\"email\" data-visibilidad=\"[]\">            <label for=\"newsletter-email\"><br \/>\n                <span>Votre email&nbsp;<span>*<\/span> <\/span><br \/>\n            <\/label><br \/>\n\t\t\t        <input type=\"email\"\n               id=\"newsletter-email\"\n               name=\"newsletter[email]\"\n               placeholder=\"ejemplo@sofimar21.es\"\n               value=\"\"\n\t\trequired               data-required=\"false\">            <\/div>\n<div style=\"--ancho:4\" class=\"campo campo--submit\" data-nombre=\"\" data-visibilidad=\"[]\">\t\t<span class=\"h-captcha\" data-sitekey=\"084ea57f-9ff6-45c1-a95d-61b24fd9ecdd\"><\/span><br \/>\n\t\t<button type=\"submit\" class=\"principal\"> Je m&rsquo;inscris \u2192\t\t<\/button>            <\/div>\n<div style=\"--ancho:12\" class=\"campo campo--checkbox\" data-nombre=\"acepto\" data-visibilidad=\"[]\">\t\t<input type=\"checkbox\"\n\t\t       id=\"newsletter-acepto\"\n\t\t       name=\"newsletter[acepto]\"\n\t\t       value=\"S\u00ed\"\n\t\t\t\trequired>            <label for=\"newsletter-acepto\"><br \/>\n                <span>J&rsquo;ai lu et accept\u00e9 la <a href=\"\/fr\/politique-de-confidentialite\/\" target=\"_blank\">politique de confidentialit\u00e9<\/a> et les <a href=\"\/fr\/mentions-legales\/\" target=\"_blank\">mentions l\u00e9gales<\/a>&nbsp;<span>*<\/span> <\/span><br \/>\n            <\/label>\n\t\t\t            <\/div>\n<\/p><\/div>\n<\/p><\/form>\n<\/p><\/div>\n","protected":false},"excerpt":{"rendered":"<p>Guides par quartiers de Madrid Nous \u00e9laborons des guides portant sur les quartiers \u00e0 Madrid dans lesquels nous incluons notre exp\u00e9rience en mati\u00e8re de boutiques, bars et nouveaux restaurants de chaque quartier. Nous nous \u00e9crivons tous les mois ou tous les deux mois, nous ne voulons pas remplir votre bo\u00eete mail. Votre email&nbsp;* Je m&rsquo;inscris [&hellip;]<\/p>\n","protected":false},"author":1,"featured_media":769,"parent":0,"menu_order":0,"comment_status":"closed","ping_status":"closed","template":"template-propiedades.php","meta":{"_acf_changed":false,"footnotes":""},"class_list":["post-1669","page","type-page","status-publish","has-post-thumbnail","hentry"],"acf":[],"_links":{"self":[{"href":"https:\/\/sofimar21.es\/fr\/wp-json\/wp\/v2\/pages\/1669","targetHints":{"allow":["GET"]}}],"collection":[{"href":"https:\/\/sofimar21.es\/fr\/wp-json\/wp\/v2\/pages"}],"about":[{"href":"https:\/\/sofimar21.es\/fr\/wp-json\/wp\/v2\/types\/page"}],"author":[{"embeddable":true,"href":"https:\/\/sofimar21.es\/fr\/wp-json\/wp\/v2\/users\/1"}],"replies":[{"embeddable":true,"href":"https:\/\/sofimar21.es\/fr\/wp-json\/wp\/v2\/comments?post=1669"}],"version-history":[{"count":5,"href":"https:\/\/sofimar21.es\/fr\/wp-json\/wp\/v2\/pages\/1669\/revisions"}],"predecessor-version":[{"id":1986,"href":"https:\/\/sofimar21.es\/fr\/wp-json\/wp\/v2\/pages\/1669\/revisions\/1986"}],"wp:featuredmedia":[{"embeddable":true,"href":"https:\/\/sofimar21.es\/fr\/wp-json\/wp\/v2\/media\/769"}],"wp:attachment":[{"href":"https:\/\/sofimar21.es\/fr\/wp-json\/wp\/v2\/media?parent=1669"}],"curies":[{"name":"wp","href":"https:\/\/api.w.org\/{rel}","templated":true}]}}